{"id":1228,"date":"2023-12-14T12:38:29","date_gmt":"2023-12-14T11:38:29","guid":{"rendered":"https:\/\/www.restaurantcancarreras.com\/contacte\/"},"modified":"2026-03-20T22:29:47","modified_gmt":"2026-03-20T21:29:47","slug":"contacte","status":"publish","type":"page","link":"https:\/\/www.restaurantcancarreras.com\/es\/contacte\/","title":{"rendered":"Contacto"},"content":{"rendered":"\t\t<div data-elementor-type=\"wp-post\" data-elementor-id=\"1228\" class=\"elementor elementor-1228 elementor-178\" data-elementor-post-type=\"page\">\n\t\t\t\t<div class=\"elementor-element elementor-element-b5fb848 e-con-full e-flex elementor-invisible e-con e-parent\" data-id=\"b5fb848\" data-element_type=\"container\" data-settings=\"{&quot;animation&quot;:&quot;fadeIn&quot;}\">\n\t\t\t\t<div class=\"elementor-element elementor-element-85123ab elementor-widget elementor-widget-image\" data-id=\"85123ab\" data-element_type=\"widget\" data-widget_type=\"image.default\">\n\t\t\t\t<div class=\"elementor-widget-container\">\n\t\t\t\t\t\t\t\t\t\t\t\t\t\t\t<img fetchpriority=\"high\" decoding=\"async\" width=\"2000\" height=\"687\" src=\"https:\/\/www.restaurantcancarreras.com\/wp-content\/uploads\/2023\/12\/contacte-restaurant-can-carreras.jpg\" class=\"attachment-full size-full wp-image-1185\" alt=\"\" srcset=\"https:\/\/www.restaurantcancarreras.com\/wp-content\/uploads\/2023\/12\/contacte-restaurant-can-carreras.jpg 2000w, https:\/\/www.restaurantcancarreras.com\/wp-content\/uploads\/2023\/12\/contacte-restaurant-can-carreras-300x103.jpg 300w, https:\/\/www.restaurantcancarreras.com\/wp-content\/uploads\/2023\/12\/contacte-restaurant-can-carreras-1024x352.jpg 1024w, https:\/\/www.restaurantcancarreras.com\/wp-content\/uploads\/2023\/12\/contacte-restaurant-can-carreras-768x264.jpg 768w, https:\/\/www.restaurantcancarreras.com\/wp-content\/uploads\/2023\/12\/contacte-restaurant-can-carreras-1536x528.jpg 1536w\" sizes=\"(max-width: 2000px) 100vw, 2000px\" \/>\t\t\t\t\t\t\t\t\t\t\t\t\t\t\t<\/div>\n\t\t\t\t<\/div>\n\t\t\t\t<\/div>\n\t\t<div class=\"elementor-element elementor-element-9217bab e-flex e-con-boxed elementor-invisible e-con e-parent\" data-id=\"9217bab\" data-element_type=\"container\" data-settings=\"{&quot;background_background&quot;:&quot;classic&quot;,&quot;animation&quot;:&quot;fadeIn&quot;}\">\n\t\t\t\t\t<div class=\"e-con-inner\">\n\t\t\t\t<div class=\"elementor-element elementor-element-290e467 elementor-widget elementor-widget-heading\" data-id=\"290e467\" data-element_type=\"widget\" data-widget_type=\"heading.default\">\n\t\t\t\t<div class=\"elementor-widget-container\">\n\t\t\t\t\t<h1 class=\"elementor-heading-title elementor-size-default\">Contacto<\/h1>\t\t\t\t<\/div>\n\t\t\t\t<\/div>\n\t\t\t\t\t<\/div>\n\t\t\t\t<\/div>\n\t\t<div class=\"elementor-element elementor-element-a2b8ce7 e-con-full e-flex elementor-invisible e-con e-parent\" data-id=\"a2b8ce7\" data-element_type=\"container\" data-settings=\"{&quot;animation&quot;:&quot;fadeIn&quot;}\">\n\t\t\t\t<div class=\"elementor-element elementor-element-b4d4fdb elementor-widget elementor-widget-google_maps\" data-id=\"b4d4fdb\" data-element_type=\"widget\" data-widget_type=\"google_maps.default\">\n\t\t\t\t<div class=\"elementor-widget-container\">\n\t\t\t\t\t\t\t<div class=\"elementor-custom-embed\">\n\t\t\t<iframe loading=\"lazy\"\n\t\t\t\t\tsrc=\"https:\/\/maps.google.com\/maps?q=Masia%20Can%20Carreras&#038;t=m&#038;z=15&#038;output=embed&#038;iwloc=near\"\n\t\t\t\t\ttitle=\"Masia Can Carreras\"\n\t\t\t\t\taria-label=\"Masia Can Carreras\"\n\t\t\t><\/iframe>\n\t\t<\/div>\n\t\t\t\t\t\t<\/div>\n\t\t\t\t<\/div>\n\t\t\t\t<\/div>\n\t\t<div class=\"elementor-element elementor-element-5a8466f e-flex e-con-boxed elementor-invisible e-con e-parent\" data-id=\"5a8466f\" data-element_type=\"container\" data-settings=\"{&quot;background_background&quot;:&quot;classic&quot;,&quot;animation&quot;:&quot;fadeIn&quot;}\">\n\t\t\t\t\t<div class=\"e-con-inner\">\n\t\t\t\t<div class=\"elementor-element elementor-element-43bdccb elementor-widget elementor-widget-heading\" data-id=\"43bdccb\" data-element_type=\"widget\" data-widget_type=\"heading.default\">\n\t\t\t\t<div class=\"elementor-widget-container\">\n\t\t\t\t\t<h3 class=\"elementor-heading-title elementor-size-default\">\u00bfC\u00f3mo podemos ayudarte?<\/h3>\t\t\t\t<\/div>\n\t\t\t\t<\/div>\n\t\t<div class=\"elementor-element elementor-element-3319f49 e-flex e-con-boxed e-con e-child\" data-id=\"3319f49\" data-element_type=\"container\">\n\t\t\t\t\t<div class=\"e-con-inner\">\n\t\t<div class=\"elementor-element elementor-element-2b863b0 e-flex e-con-boxed e-con e-child\" data-id=\"2b863b0\" data-element_type=\"container\">\n\t\t\t\t\t<div class=\"e-con-inner\">\n\t\t\t\t<div class=\"elementor-element elementor-element-b8269bb elementor-button-align-end elementor-widget elementor-widget-form\" data-id=\"b8269bb\" data-element_type=\"widget\" data-settings=\"{&quot;step_next_label&quot;:&quot;Next&quot;,&quot;step_previous_label&quot;:&quot;Previous&quot;,&quot;step_type&quot;:&quot;number_text&quot;,&quot;step_icon_shape&quot;:&quot;circle&quot;}\" data-widget_type=\"form.default\">\n\t\t\t\t<div class=\"elementor-widget-container\">\n\t\t\t\t\t\t\t<form class=\"elementor-form\" method=\"post\" name=\"New Form\">\n\t\t\t<input type=\"hidden\" name=\"post_id\" value=\"1228\"\/>\n\t\t\t<input type=\"hidden\" name=\"form_id\" value=\"b8269bb\"\/>\n\t\t\t<input type=\"hidden\" name=\"referer_title\" value=\"Contacta con nosotros - Can Carreras, restaurante en Dosrius\" \/>\n\n\t\t\t\t\t\t\t<input type=\"hidden\" name=\"queried_id\" value=\"1228\"\/>\n\t\t\t\n\t\t\t<div class=\"elementor-form-fields-wrapper elementor-labels-above\">\n\t\t\t\t\t\t\t\t<div class=\"elementor-field-type-text elementor-field-group elementor-column elementor-field-group-name elementor-col-100 elementor-field-required\">\n\t\t\t\t\t\t\t\t\t\t\t\t<label for=\"form-field-name\" class=\"elementor-field-label\">\n\t\t\t\t\t\t\t\tNombre y apellidos\t\t\t\t\t\t\t<\/label>\n\t\t\t\t\t\t\t\t\t\t\t\t\t\t<input size=\"1\" type=\"text\" name=\"form_fields[name]\" id=\"form-field-name\" class=\"elementor-field elementor-size-sm  elementor-field-textual\" required=\"required\" aria-required=\"true\">\n\t\t\t\t\t\t\t\t\t\t\t<\/div>\n\t\t\t\t\t\t\t\t<div class=\"elementor-field-type-email elementor-field-group elementor-column elementor-field-group-email elementor-col-100 elementor-field-required\">\n\t\t\t\t\t\t\t\t\t\t\t\t<label for=\"form-field-email\" class=\"elementor-field-label\">\n\t\t\t\t\t\t\t\tEmail\t\t\t\t\t\t\t<\/label>\n\t\t\t\t\t\t\t\t\t\t\t\t\t\t<input size=\"1\" type=\"email\" name=\"form_fields[email]\" id=\"form-field-email\" class=\"elementor-field elementor-size-sm  elementor-field-textual\" required=\"required\" aria-required=\"true\">\n\t\t\t\t\t\t\t\t\t\t\t<\/div>\n\t\t\t\t\t\t\t\t<div class=\"elementor-field-type-textarea elementor-field-group elementor-column elementor-field-group-message elementor-col-100\">\n\t\t\t\t\t\t\t\t\t\t\t\t<label for=\"form-field-message\" class=\"elementor-field-label\">\n\t\t\t\t\t\t\t\tEscribe tu solicitud\t\t\t\t\t\t\t<\/label>\n\t\t\t\t\t\t<textarea class=\"elementor-field-textual elementor-field  elementor-size-sm\" name=\"form_fields[message]\" id=\"form-field-message\" rows=\"4\"><\/textarea>\t\t\t\t<\/div>\n\t\t\t\t\t\t\t\t<div class=\"elementor-field-type-acceptance elementor-field-group elementor-column elementor-field-group-field_cbac246 elementor-col-100 elementor-field-required\">\n\t\t\t\t\t\t\t<div class=\"elementor-field-subgroup\">\n\t\t\t<span class=\"elementor-field-option\">\n\t\t\t\t<input type=\"checkbox\" name=\"form_fields[field_cbac246]\" id=\"form-field-field_cbac246\" class=\"elementor-field elementor-size-sm  elementor-acceptance-field\" required=\"required\" aria-required=\"true\">\n\t\t\t\t<label for=\"form-field-field_cbac246\">He le\u00eddo y acepto la <a href=\"https:\/\/www.restaurantcancarreras.com\/es\/politica-privacitat\/\">Pol\u00edtica de Privacidad<\/a><\/label>\t\t\t<\/span>\n\t\t<\/div>\n\t\t\t\t\t\t<\/div>\n\t\t\t\t\t\t\t\t<div class=\"elementor-field-type-recaptcha_v3 elementor-field-group elementor-column elementor-field-group-field_8275e33 elementor-col-100 recaptcha_v3-bottomright\">\n\t\t\t\t\t<div class=\"elementor-field\" id=\"form-field-field_8275e33\"><div class=\"elementor-g-recaptcha\" data-sitekey=\"6Lf7nkkpAAAAAPJw9LySTMoO44Fm8mZB3PJ6D1b6\" data-type=\"v3\" data-action=\"Form\" data-badge=\"bottomright\" data-size=\"invisible\"><\/div><\/div>\t\t\t\t<\/div>\n\t\t\t\t\t\t\t\t<div class=\"elementor-field-group elementor-column elementor-field-type-submit elementor-col-100 e-form__buttons\">\n\t\t\t\t\t<button class=\"elementor-button elementor-size-sm\" type=\"submit\">\n\t\t\t\t\t\t<span class=\"elementor-button-content-wrapper\">\n\t\t\t\t\t\t\t\t\t\t\t\t\t\t\t\t\t\t\t\t\t\t<span class=\"elementor-button-text\">Enviar<\/span>\n\t\t\t\t\t\t\t\t\t\t\t\t\t<\/span>\n\t\t\t\t\t<\/button>\n\t\t\t\t<\/div>\n\t\t\t<\/div>\n\t\t<\/form>\n\t\t\t\t\t\t<\/div>\n\t\t\t\t<\/div>\n\t\t\t\t\t<\/div>\n\t\t\t\t<\/div>\n\t\t<div class=\"elementor-element elementor-element-cef1e30 e-flex e-con-boxed e-con e-child\" data-id=\"cef1e30\" data-element_type=\"container\">\n\t\t\t\t\t<div class=\"e-con-inner\">\n\t\t<div class=\"elementor-element elementor-element-d0fb390 e-flex e-con-boxed e-con e-child\" data-id=\"d0fb390\" data-element_type=\"container\">\n\t\t\t\t\t<div class=\"e-con-inner\">\n\t\t\t\t<div class=\"elementor-element elementor-element-6c4d640 elementor-widget elementor-widget-heading\" data-id=\"6c4d640\" data-element_type=\"widget\" data-widget_type=\"heading.default\">\n\t\t\t\t<div class=\"elementor-widget-container\">\n\t\t\t\t\t<h5 class=\"elementor-heading-title elementor-size-default\">Horario<\/h5>\t\t\t\t<\/div>\n\t\t\t\t<\/div>\n\t\t\t\t<div class=\"elementor-element elementor-element-3bdb7f7 elementor-widget elementor-widget-text-editor\" data-id=\"3bdb7f7\" data-element_type=\"widget\" data-widget_type=\"text-editor.default\">\n\t\t\t\t<div class=\"elementor-widget-container\">\n\t\t\t\t\t\t\t\t\t<p>Viernes y vigilias de 12h a 16h.<br \/>S\u00e1bados, domingos y festivos de 12h a 18h.<br \/>Noches previa reserva de grupos.<\/p>\t\t\t\t\t\t\t\t<\/div>\n\t\t\t\t<\/div>\n\t\t\t\t\t<\/div>\n\t\t\t\t<\/div>\n\t\t<div class=\"elementor-element elementor-element-54697bf e-flex e-con-boxed e-con e-child\" data-id=\"54697bf\" data-element_type=\"container\">\n\t\t\t\t\t<div class=\"e-con-inner\">\n\t\t\t\t<div class=\"elementor-element elementor-element-21db67d elementor-widget elementor-widget-heading\" data-id=\"21db67d\" data-element_type=\"widget\" data-widget_type=\"heading.default\">\n\t\t\t\t<div class=\"elementor-widget-container\">\n\t\t\t\t\t<h5 class=\"elementor-heading-title elementor-size-default\">Contacto<\/h5>\t\t\t\t<\/div>\n\t\t\t\t<\/div>\n\t\t\t\t<div class=\"elementor-element elementor-element-f265890 elementor-widget elementor-widget-text-editor\" data-id=\"f265890\" data-element_type=\"widget\" data-widget_type=\"text-editor.default\">\n\t\t\t\t<div class=\"elementor-widget-container\">\n\t\t\t\t\t\t\t\t\t<p>Email: <a href=\"mailto:masiacancarreras@hotmail.com\">masiacancarreras@hotmail.com<\/a><br \/>Tel\u00e9fono: <a href=\"tel:+34937917958\">937917958<\/a><br \/>Whatsapp: <a href=\"tel:+34666425645\">666425645<\/a><\/p>\t\t\t\t\t\t\t\t<\/div>\n\t\t\t\t<\/div>\n\t\t\t\t\t<\/div>\n\t\t\t\t<\/div>\n\t\t\t\t\t<\/div>\n\t\t\t\t<\/div>\n\t\t\t\t\t<\/div>\n\t\t\t\t<\/div>\n\t\t\t\t\t<\/div>\n\t\t\t\t<\/div>\n\t\t\t\t<\/div>\n\t\t","protected":false},"excerpt":{"rendered":"<p>Contacto \u00bfC\u00f3mo podemos ayudarte? Horario Viernes y vigilias de 12h a 16h.S\u00e1bados, domingos y festivos de 12h a 18h.Noches previa reserva de grupos. Contacto Email: masiacancarreras@hotmail.comTel\u00e9fono: 937917958Whatsapp: 666425645<\/p>\n","protected":false},"author":1,"featured_media":0,"parent":0,"menu_order":0,"comment_status":"closed","ping_status":"closed","template":"","meta":{"footnotes":""},"class_list":["post-1228","page","type-page","status-publish","hentry"],"yoast_head":"<!-- This site is optimized with the Yoast SEO plugin v25.8 - https:\/\/yoast.com\/wordpress\/plugins\/seo\/ -->\n<title>Contacta con nosotros - Can Carreras, restaurante en Dosrius<\/title>\n<meta name=\"description\" content=\"Contacta con nuestro equipo y te daremos una respuesta tan pronto como sea posible. Te esperamos en Can Carreras con los brazos abiertos!\" \/>\n<meta name=\"robots\" content=\"index, follow, max-snippet:-1, max-image-preview:large, max-video-preview:-1\" \/>\n<link rel=\"canonical\" href=\"https:\/\/www.restaurantcancarreras.com\/es\/contacte\/\" \/>\n<meta property=\"og:locale\" content=\"es_ES\" \/>\n<meta property=\"og:type\" content=\"article\" \/>\n<meta property=\"og:title\" content=\"Contacta con nosotros - Can Carreras, restaurante en Dosrius\" \/>\n<meta property=\"og:description\" content=\"Contacta con nuestro equipo y te daremos una respuesta tan pronto como sea posible. Te esperamos en Can Carreras con los brazos abiertos!\" \/>\n<meta property=\"og:url\" content=\"https:\/\/www.restaurantcancarreras.com\/es\/contacte\/\" \/>\n<meta property=\"og:site_name\" content=\"Can Carreras\" \/>\n<meta property=\"article:modified_time\" content=\"2026-03-20T21:29:47+00:00\" \/>\n<meta property=\"og:image\" content=\"https:\/\/www.restaurantcancarreras.com\/wp-content\/uploads\/2023\/12\/contacte-restaurant-can-carreras.jpg\" \/>\n\t<meta property=\"og:image:width\" content=\"2000\" \/>\n\t<meta property=\"og:image:height\" content=\"687\" \/>\n\t<meta property=\"og:image:type\" content=\"image\/jpeg\" \/>\n<meta name=\"twitter:card\" content=\"summary_large_image\" \/>\n<meta name=\"twitter:label1\" content=\"Tiempo de lectura\" \/>\n\t<meta name=\"twitter:data1\" content=\"1 minuto\" \/>\n<script type=\"application\/ld+json\" class=\"yoast-schema-graph\">{\"@context\":\"https:\/\/schema.org\",\"@graph\":[{\"@type\":\"WebPage\",\"@id\":\"https:\/\/www.restaurantcancarreras.com\/es\/contacte\/\",\"url\":\"https:\/\/www.restaurantcancarreras.com\/es\/contacte\/\",\"name\":\"Contacta con nosotros - Can Carreras, restaurante en Dosrius\",\"isPartOf\":{\"@id\":\"https:\/\/www.restaurantcancarreras.com\/es\/#website\"},\"primaryImageOfPage\":{\"@id\":\"https:\/\/www.restaurantcancarreras.com\/es\/contacte\/#primaryimage\"},\"image\":{\"@id\":\"https:\/\/www.restaurantcancarreras.com\/es\/contacte\/#primaryimage\"},\"thumbnailUrl\":\"https:\/\/www.restaurantcancarreras.com\/wp-content\/uploads\/2023\/12\/contacte-restaurant-can-carreras.jpg\",\"datePublished\":\"2023-12-14T11:38:29+00:00\",\"dateModified\":\"2026-03-20T21:29:47+00:00\",\"description\":\"Contacta con nuestro equipo y te daremos una respuesta tan pronto como sea posible. Te esperamos en Can Carreras con los brazos abiertos!\",\"breadcrumb\":{\"@id\":\"https:\/\/www.restaurantcancarreras.com\/es\/contacte\/#breadcrumb\"},\"inLanguage\":\"es\",\"potentialAction\":[{\"@type\":\"ReadAction\",\"target\":[\"https:\/\/www.restaurantcancarreras.com\/es\/contacte\/\"]}]},{\"@type\":\"ImageObject\",\"inLanguage\":\"es\",\"@id\":\"https:\/\/www.restaurantcancarreras.com\/es\/contacte\/#primaryimage\",\"url\":\"https:\/\/www.restaurantcancarreras.com\/wp-content\/uploads\/2023\/12\/contacte-restaurant-can-carreras.jpg\",\"contentUrl\":\"https:\/\/www.restaurantcancarreras.com\/wp-content\/uploads\/2023\/12\/contacte-restaurant-can-carreras.jpg\"},{\"@type\":\"BreadcrumbList\",\"@id\":\"https:\/\/www.restaurantcancarreras.com\/es\/contacte\/#breadcrumb\",\"itemListElement\":[{\"@type\":\"ListItem\",\"position\":1,\"name\":\"Inici\",\"item\":\"https:\/\/www.restaurantcancarreras.com\/es\/\"},{\"@type\":\"ListItem\",\"position\":2,\"name\":\"Contacto\"}]},{\"@type\":\"WebSite\",\"@id\":\"https:\/\/www.restaurantcancarreras.com\/es\/#website\",\"url\":\"https:\/\/www.restaurantcancarreras.com\/es\/\",\"name\":\"Can Carreras\",\"description\":\"\",\"publisher\":{\"@id\":\"https:\/\/www.restaurantcancarreras.com\/es\/#organization\"},\"potentialAction\":[{\"@type\":\"SearchAction\",\"target\":{\"@type\":\"EntryPoint\",\"urlTemplate\":\"https:\/\/www.restaurantcancarreras.com\/es\/?s={search_term_string}\"},\"query-input\":{\"@type\":\"PropertyValueSpecification\",\"valueRequired\":true,\"valueName\":\"search_term_string\"}}],\"inLanguage\":\"es\"},{\"@type\":\"Organization\",\"@id\":\"https:\/\/www.restaurantcancarreras.com\/es\/#organization\",\"name\":\"Can Carreras\",\"url\":\"https:\/\/www.restaurantcancarreras.com\/es\/\",\"logo\":{\"@type\":\"ImageObject\",\"inLanguage\":\"es\",\"@id\":\"https:\/\/www.restaurantcancarreras.com\/es\/#\/schema\/logo\/image\/\",\"url\":\"https:\/\/www.restaurantcancarreras.com\/wp-content\/uploads\/2023\/12\/favicon_can-carreras.png\",\"contentUrl\":\"https:\/\/www.restaurantcancarreras.com\/wp-content\/uploads\/2023\/12\/favicon_can-carreras.png\",\"width\":150,\"height\":150,\"caption\":\"Can Carreras\"},\"image\":{\"@id\":\"https:\/\/www.restaurantcancarreras.com\/es\/#\/schema\/logo\/image\/\"}}]}<\/script>\n<!-- \/ Yoast SEO plugin. -->","yoast_head_json":{"title":"Contacta con nosotros - Can Carreras, restaurante en Dosrius","description":"Contacta con nuestro equipo y te daremos una respuesta tan pronto como sea posible. Te esperamos en Can Carreras con los brazos abiertos!","robots":{"index":"index","follow":"follow","max-snippet":"max-snippet:-1","max-image-preview":"max-image-preview:large","max-video-preview":"max-video-preview:-1"},"canonical":"https:\/\/www.restaurantcancarreras.com\/es\/contacte\/","og_locale":"es_ES","og_type":"article","og_title":"Contacta con nosotros - Can Carreras, restaurante en Dosrius","og_description":"Contacta con nuestro equipo y te daremos una respuesta tan pronto como sea posible. Te esperamos en Can Carreras con los brazos abiertos!","og_url":"https:\/\/www.restaurantcancarreras.com\/es\/contacte\/","og_site_name":"Can Carreras","article_modified_time":"2026-03-20T21:29:47+00:00","og_image":[{"width":2000,"height":687,"url":"https:\/\/www.restaurantcancarreras.com\/wp-content\/uploads\/2023\/12\/contacte-restaurant-can-carreras.jpg","type":"image\/jpeg"}],"twitter_card":"summary_large_image","twitter_misc":{"Tiempo de lectura":"1 minuto"},"schema":{"@context":"https:\/\/schema.org","@graph":[{"@type":"WebPage","@id":"https:\/\/www.restaurantcancarreras.com\/es\/contacte\/","url":"https:\/\/www.restaurantcancarreras.com\/es\/contacte\/","name":"Contacta con nosotros - Can Carreras, restaurante en Dosrius","isPartOf":{"@id":"https:\/\/www.restaurantcancarreras.com\/es\/#website"},"primaryImageOfPage":{"@id":"https:\/\/www.restaurantcancarreras.com\/es\/contacte\/#primaryimage"},"image":{"@id":"https:\/\/www.restaurantcancarreras.com\/es\/contacte\/#primaryimage"},"thumbnailUrl":"https:\/\/www.restaurantcancarreras.com\/wp-content\/uploads\/2023\/12\/contacte-restaurant-can-carreras.jpg","datePublished":"2023-12-14T11:38:29+00:00","dateModified":"2026-03-20T21:29:47+00:00","description":"Contacta con nuestro equipo y te daremos una respuesta tan pronto como sea posible. Te esperamos en Can Carreras con los brazos abiertos!","breadcrumb":{"@id":"https:\/\/www.restaurantcancarreras.com\/es\/contacte\/#breadcrumb"},"inLanguage":"es","potentialAction":[{"@type":"ReadAction","target":["https:\/\/www.restaurantcancarreras.com\/es\/contacte\/"]}]},{"@type":"ImageObject","inLanguage":"es","@id":"https:\/\/www.restaurantcancarreras.com\/es\/contacte\/#primaryimage","url":"https:\/\/www.restaurantcancarreras.com\/wp-content\/uploads\/2023\/12\/contacte-restaurant-can-carreras.jpg","contentUrl":"https:\/\/www.restaurantcancarreras.com\/wp-content\/uploads\/2023\/12\/contacte-restaurant-can-carreras.jpg"},{"@type":"BreadcrumbList","@id":"https:\/\/www.restaurantcancarreras.com\/es\/contacte\/#breadcrumb","itemListElement":[{"@type":"ListItem","position":1,"name":"Inici","item":"https:\/\/www.restaurantcancarreras.com\/es\/"},{"@type":"ListItem","position":2,"name":"Contacto"}]},{"@type":"WebSite","@id":"https:\/\/www.restaurantcancarreras.com\/es\/#website","url":"https:\/\/www.restaurantcancarreras.com\/es\/","name":"Can Carreras","description":"","publisher":{"@id":"https:\/\/www.restaurantcancarreras.com\/es\/#organization"},"potentialAction":[{"@type":"SearchAction","target":{"@type":"EntryPoint","urlTemplate":"https:\/\/www.restaurantcancarreras.com\/es\/?s={search_term_string}"},"query-input":{"@type":"PropertyValueSpecification","valueRequired":true,"valueName":"search_term_string"}}],"inLanguage":"es"},{"@type":"Organization","@id":"https:\/\/www.restaurantcancarreras.com\/es\/#organization","name":"Can Carreras","url":"https:\/\/www.restaurantcancarreras.com\/es\/","logo":{"@type":"ImageObject","inLanguage":"es","@id":"https:\/\/www.restaurantcancarreras.com\/es\/#\/schema\/logo\/image\/","url":"https:\/\/www.restaurantcancarreras.com\/wp-content\/uploads\/2023\/12\/favicon_can-carreras.png","contentUrl":"https:\/\/www.restaurantcancarreras.com\/wp-content\/uploads\/2023\/12\/favicon_can-carreras.png","width":150,"height":150,"caption":"Can Carreras"},"image":{"@id":"https:\/\/www.restaurantcancarreras.com\/es\/#\/schema\/logo\/image\/"}}]}},"_links":{"self":[{"href":"https:\/\/www.restaurantcancarreras.com\/es\/wp-json\/wp\/v2\/pages\/1228","targetHints":{"allow":["GET"]}}],"collection":[{"href":"https:\/\/www.restaurantcancarreras.com\/es\/wp-json\/wp\/v2\/pages"}],"about":[{"href":"https:\/\/www.restaurantcancarreras.com\/es\/wp-json\/wp\/v2\/types\/page"}],"author":[{"embeddable":true,"href":"https:\/\/www.restaurantcancarreras.com\/es\/wp-json\/wp\/v2\/users\/1"}],"replies":[{"embeddable":true,"href":"https:\/\/www.restaurantcancarreras.com\/es\/wp-json\/wp\/v2\/comments?post=1228"}],"version-history":[{"count":14,"href":"https:\/\/www.restaurantcancarreras.com\/es\/wp-json\/wp\/v2\/pages\/1228\/revisions"}],"predecessor-version":[{"id":1778,"href":"https:\/\/www.restaurantcancarreras.com\/es\/wp-json\/wp\/v2\/pages\/1228\/revisions\/1778"}],"wp:attachment":[{"href":"https:\/\/www.restaurantcancarreras.com\/es\/wp-json\/wp\/v2\/media?parent=1228"}],"curies":[{"name":"wp","href":"https:\/\/api.w.org\/{rel}","templated":true}]}}