{"id":1225,"date":"2023-12-14T11:45:39","date_gmt":"2023-12-14T10:45:39","guid":{"rendered":"https:\/\/www.restaurantcancarreras.com\/accessibilitat\/"},"modified":"2024-03-11T15:59:59","modified_gmt":"2024-03-11T14:59:59","slug":"accessibilitat","status":"publish","type":"page","link":"https:\/\/www.restaurantcancarreras.com\/es\/accessibilitat\/","title":{"rendered":"Accesibilidad"},"content":{"rendered":"\t\t<div data-elementor-type=\"wp-page\" data-elementor-id=\"1225\" class=\"elementor elementor-1225 elementor-142\" data-elementor-post-type=\"page\">\n\t\t\t\t<div class=\"elementor-element elementor-element-29c8884e e-flex e-con-boxed e-con e-parent\" data-id=\"29c8884e\" data-element_type=\"container\">\n\t\t\t\t\t<div class=\"e-con-inner\">\n\t\t\t\t<div class=\"elementor-element elementor-element-ee630a6 elementor-widget elementor-widget-heading\" data-id=\"ee630a6\" data-element_type=\"widget\" data-widget_type=\"heading.default\">\n\t\t\t\t<div class=\"elementor-widget-container\">\n\t\t\t\t\t<h1 class=\"elementor-heading-title elementor-size-default\">Accesibilidad<\/h1>\t\t\t\t<\/div>\n\t\t\t\t<\/div>\n\t\t\t\t<div class=\"elementor-element elementor-element-1ac57852 elementor-widget elementor-widget-text-editor\" data-id=\"1ac57852\" data-element_type=\"widget\" data-widget_type=\"text-editor.default\">\n\t\t\t\t<div class=\"elementor-widget-container\">\n\t\t\t\t\t\t\t\t\t<p><strong>Sergio Poyatos Nevado<\/strong> se ha comprometido a hacer accesible su sitio web, de conformidad con el el Real Decreto 1112\/2018, de 7 de septiembre, sobre <a href=\"http:\/\/www.boe.es\/eli\/es\/rd\/2018\/09\/07\/1112\">accesibilidad de los sitios web y aplicaciones para dispositivos m\u00f3viles del sector p\u00fablico<\/a>.<\/p><p>La presente declaraci\u00f3n de accesibilidad se aplica a https:\/\/ww.restaurantcancarreras.com<\/p><p><strong>SITUACI\u00d3N DE CUMPLIMIENTO<\/strong><\/p><p>Este sitio web est\u00e1 plenamente conforme con el RD 1112\/2018.<\/p><p><strong>CONTENIDO NO ACCESIBLE<\/strong><\/p><p>Todo el contenido es accesible.<\/p><p><strong>PREPARACI\u00d3N DE LA PRESENTE DECLARACI\u00d3N DE ACCESIBILIDAD<\/strong><\/p><p>La presente declaraci\u00f3n fue preparada el 1 de diciembre de 2023.<\/p><p>El m\u00e9todo empleado para el desarrollo de la declaraci\u00f3n ha sido una autoevaluaci\u00f3n realiza por nosotros mismos.<\/p><p><strong>OBSERVACIONES Y DATOS DE CONTACTO<\/strong><\/p><p>Puede realizar comunicaciones sobre requisitos de accesibilidad (art\u00edculo 10.2.a) del RD 1112\/2018) como, por ejemplo:<\/p><ul><li>Informar sobre cualquier posible incumplimiento por parte de este sitio web<\/li><li>Transmitir otras dificultades de acceso al contenido<\/li><li>Formular cualquier otra consulta o sugerencia de mejora relativa a la accesibilidad del sitio web<\/li><\/ul><p>A trav\u00e9s del correo <a href=\"mailto:masiacancarreras@hotmail.com\">masiacancarreras@hotmail.com<\/a>, o llamando al tel\u00e9fono 937917958<\/p><p>Puede presentar:<\/p><ul><li>Una queja relativa al cumplimiento de los requisitos del RD 1112\/2018 o<\/li><li>Una solicitud de informaci\u00f3n accesible relativa a: <\/li><\/ul><ol><li>Contenidos que est\u00e1n excluidos del \u00e1mbito de aplicaci\u00f3n del RD 1112\/2018 seg\u00fan lo establecido por el art\u00edculo 3, apartado 4<\/li><li>Contenidos que est\u00e1n exentos del cumplimiento de los requisitos de accesibilidad por imponer una carga desproporcionada.<\/li><\/ol><p>En la solicitud de informaci\u00f3n accesible, se debe concretar, con toda claridad, los hechos, razones y petici\u00f3n que permitan constatar que se trata de una solicitud razonable y leg\u00edtima.<\/p><p>Las comunicaciones, quejas y solicitudes de informaci\u00f3n accesible ser\u00e1n recibidas y tratadas por <strong>Sergio Poyatos Nevado<\/strong><\/p><p><strong>PROCEDIMIENTO DE APLICACI\u00d3N<\/strong><\/p><p>En caso de no verse atendidas las solicitudes, podr\u00e1 dirigir una comunicaci\u00f3n a <a href=\"mailto:masiacancarreras@hotmail.com\">masiacancarreras@hotmail.com<\/a>, dirigida en atenci\u00f3n a la Direcci\u00f3n de la organizaci\u00f3n.<\/p>\t\t\t\t\t\t\t\t<\/div>\n\t\t\t\t<\/div>\n\t\t\t\t\t<\/div>\n\t\t\t\t<\/div>\n\t\t\t\t<\/div>\n\t\t","protected":false},"excerpt":{"rendered":"<p>Sergio Poyatos Nevado se ha comprometido a hacer accesible su sitio web, de conformidad con el el Real Decreto 1112\/2018, de 7 de septiembre, sobre accesibilidad de los sitios web y aplicaciones para dispositivos m\u00f3viles del sector p\u00fablico. La presente declaraci\u00f3n de accesibilidad se aplica a https:\/\/ww.restaurantcancarreras.com SITUACI\u00d3N DE CUMPLIMIENTO Este sitio web est\u00e1 plenamente [&hellip;]<\/p>\n","protected":false},"author":1,"featured_media":0,"parent":0,"menu_order":0,"comment_status":"closed","ping_status":"closed","template":"","meta":{"footnotes":""},"class_list":["post-1225","page","type-page","status-publish","hentry"],"yoast_head":"<!-- This site is optimized with the Yoast SEO plugin v25.8 - https:\/\/yoast.com\/wordpress\/plugins\/seo\/ -->\n<title>Accesibilidad - Can Carreras<\/title>\n<meta name=\"robots\" content=\"index, follow, max-snippet:-1, max-image-preview:large, max-video-preview:-1\" \/>\n<link rel=\"canonical\" href=\"https:\/\/www.restaurantcancarreras.com\/es\/accessibilitat\/\" \/>\n<meta property=\"og:locale\" content=\"es_ES\" \/>\n<meta property=\"og:type\" content=\"article\" \/>\n<meta property=\"og:title\" content=\"Accesibilidad - Can Carreras\" \/>\n<meta property=\"og:description\" content=\"Sergio Poyatos Nevado se ha comprometido a hacer accesible su sitio web, de conformidad con el el Real Decreto 1112\/2018, de 7 de septiembre, sobre accesibilidad de los sitios web y aplicaciones para dispositivos m\u00f3viles del sector p\u00fablico. La presente declaraci\u00f3n de accesibilidad se aplica a https:\/\/ww.restaurantcancarreras.com SITUACI\u00d3N DE CUMPLIMIENTO Este sitio web est\u00e1 plenamente [&hellip;]\" \/>\n<meta property=\"og:url\" content=\"https:\/\/www.restaurantcancarreras.com\/es\/accessibilitat\/\" \/>\n<meta property=\"og:site_name\" content=\"Can Carreras\" \/>\n<meta property=\"article:modified_time\" content=\"2024-03-11T14:59:59+00:00\" \/>\n<meta name=\"twitter:card\" content=\"summary_large_image\" \/>\n<meta name=\"twitter:label1\" content=\"Tiempo de lectura\" \/>\n\t<meta name=\"twitter:data1\" content=\"2 minutos\" \/>\n<script type=\"application\/ld+json\" class=\"yoast-schema-graph\">{\"@context\":\"https:\/\/schema.org\",\"@graph\":[{\"@type\":\"WebPage\",\"@id\":\"https:\/\/www.restaurantcancarreras.com\/es\/accessibilitat\/\",\"url\":\"https:\/\/www.restaurantcancarreras.com\/es\/accessibilitat\/\",\"name\":\"Accesibilidad - Can Carreras\",\"isPartOf\":{\"@id\":\"https:\/\/www.restaurantcancarreras.com\/es\/#website\"},\"datePublished\":\"2023-12-14T10:45:39+00:00\",\"dateModified\":\"2024-03-11T14:59:59+00:00\",\"breadcrumb\":{\"@id\":\"https:\/\/www.restaurantcancarreras.com\/es\/accessibilitat\/#breadcrumb\"},\"inLanguage\":\"es\",\"potentialAction\":[{\"@type\":\"ReadAction\",\"target\":[\"https:\/\/www.restaurantcancarreras.com\/es\/accessibilitat\/\"]}]},{\"@type\":\"BreadcrumbList\",\"@id\":\"https:\/\/www.restaurantcancarreras.com\/es\/accessibilitat\/#breadcrumb\",\"itemListElement\":[{\"@type\":\"ListItem\",\"position\":1,\"name\":\"Inici\",\"item\":\"https:\/\/www.restaurantcancarreras.com\/es\/\"},{\"@type\":\"ListItem\",\"position\":2,\"name\":\"Accesibilidad\"}]},{\"@type\":\"WebSite\",\"@id\":\"https:\/\/www.restaurantcancarreras.com\/es\/#website\",\"url\":\"https:\/\/www.restaurantcancarreras.com\/es\/\",\"name\":\"Can Carreras\",\"description\":\"\",\"publisher\":{\"@id\":\"https:\/\/www.restaurantcancarreras.com\/es\/#organization\"},\"potentialAction\":[{\"@type\":\"SearchAction\",\"target\":{\"@type\":\"EntryPoint\",\"urlTemplate\":\"https:\/\/www.restaurantcancarreras.com\/es\/?s={search_term_string}\"},\"query-input\":{\"@type\":\"PropertyValueSpecification\",\"valueRequired\":true,\"valueName\":\"search_term_string\"}}],\"inLanguage\":\"es\"},{\"@type\":\"Organization\",\"@id\":\"https:\/\/www.restaurantcancarreras.com\/es\/#organization\",\"name\":\"Can Carreras\",\"url\":\"https:\/\/www.restaurantcancarreras.com\/es\/\",\"logo\":{\"@type\":\"ImageObject\",\"inLanguage\":\"es\",\"@id\":\"https:\/\/www.restaurantcancarreras.com\/es\/#\/schema\/logo\/image\/\",\"url\":\"https:\/\/www.restaurantcancarreras.com\/wp-content\/uploads\/2023\/12\/favicon_can-carreras.png\",\"contentUrl\":\"https:\/\/www.restaurantcancarreras.com\/wp-content\/uploads\/2023\/12\/favicon_can-carreras.png\",\"width\":150,\"height\":150,\"caption\":\"Can Carreras\"},\"image\":{\"@id\":\"https:\/\/www.restaurantcancarreras.com\/es\/#\/schema\/logo\/image\/\"}}]}<\/script>\n<!-- \/ Yoast SEO plugin. -->","yoast_head_json":{"title":"Accesibilidad - Can Carreras","robots":{"index":"index","follow":"follow","max-snippet":"max-snippet:-1","max-image-preview":"max-image-preview:large","max-video-preview":"max-video-preview:-1"},"canonical":"https:\/\/www.restaurantcancarreras.com\/es\/accessibilitat\/","og_locale":"es_ES","og_type":"article","og_title":"Accesibilidad - Can Carreras","og_description":"Sergio Poyatos Nevado se ha comprometido a hacer accesible su sitio web, de conformidad con el el Real Decreto 1112\/2018, de 7 de septiembre, sobre accesibilidad de los sitios web y aplicaciones para dispositivos m\u00f3viles del sector p\u00fablico. La presente declaraci\u00f3n de accesibilidad se aplica a https:\/\/ww.restaurantcancarreras.com SITUACI\u00d3N DE CUMPLIMIENTO Este sitio web est\u00e1 plenamente [&hellip;]","og_url":"https:\/\/www.restaurantcancarreras.com\/es\/accessibilitat\/","og_site_name":"Can Carreras","article_modified_time":"2024-03-11T14:59:59+00:00","twitter_card":"summary_large_image","twitter_misc":{"Tiempo de lectura":"2 minutos"},"schema":{"@context":"https:\/\/schema.org","@graph":[{"@type":"WebPage","@id":"https:\/\/www.restaurantcancarreras.com\/es\/accessibilitat\/","url":"https:\/\/www.restaurantcancarreras.com\/es\/accessibilitat\/","name":"Accesibilidad - Can Carreras","isPartOf":{"@id":"https:\/\/www.restaurantcancarreras.com\/es\/#website"},"datePublished":"2023-12-14T10:45:39+00:00","dateModified":"2024-03-11T14:59:59+00:00","breadcrumb":{"@id":"https:\/\/www.restaurantcancarreras.com\/es\/accessibilitat\/#breadcrumb"},"inLanguage":"es","potentialAction":[{"@type":"ReadAction","target":["https:\/\/www.restaurantcancarreras.com\/es\/accessibilitat\/"]}]},{"@type":"BreadcrumbList","@id":"https:\/\/www.restaurantcancarreras.com\/es\/accessibilitat\/#breadcrumb","itemListElement":[{"@type":"ListItem","position":1,"name":"Inici","item":"https:\/\/www.restaurantcancarreras.com\/es\/"},{"@type":"ListItem","position":2,"name":"Accesibilidad"}]},{"@type":"WebSite","@id":"https:\/\/www.restaurantcancarreras.com\/es\/#website","url":"https:\/\/www.restaurantcancarreras.com\/es\/","name":"Can Carreras","description":"","publisher":{"@id":"https:\/\/www.restaurantcancarreras.com\/es\/#organization"},"potentialAction":[{"@type":"SearchAction","target":{"@type":"EntryPoint","urlTemplate":"https:\/\/www.restaurantcancarreras.com\/es\/?s={search_term_string}"},"query-input":{"@type":"PropertyValueSpecification","valueRequired":true,"valueName":"search_term_string"}}],"inLanguage":"es"},{"@type":"Organization","@id":"https:\/\/www.restaurantcancarreras.com\/es\/#organization","name":"Can Carreras","url":"https:\/\/www.restaurantcancarreras.com\/es\/","logo":{"@type":"ImageObject","inLanguage":"es","@id":"https:\/\/www.restaurantcancarreras.com\/es\/#\/schema\/logo\/image\/","url":"https:\/\/www.restaurantcancarreras.com\/wp-content\/uploads\/2023\/12\/favicon_can-carreras.png","contentUrl":"https:\/\/www.restaurantcancarreras.com\/wp-content\/uploads\/2023\/12\/favicon_can-carreras.png","width":150,"height":150,"caption":"Can Carreras"},"image":{"@id":"https:\/\/www.restaurantcancarreras.com\/es\/#\/schema\/logo\/image\/"}}]}},"_links":{"self":[{"href":"https:\/\/www.restaurantcancarreras.com\/es\/wp-json\/wp\/v2\/pages\/1225","targetHints":{"allow":["GET"]}}],"collection":[{"href":"https:\/\/www.restaurantcancarreras.com\/es\/wp-json\/wp\/v2\/pages"}],"about":[{"href":"https:\/\/www.restaurantcancarreras.com\/es\/wp-json\/wp\/v2\/types\/page"}],"author":[{"embeddable":true,"href":"https:\/\/www.restaurantcancarreras.com\/es\/wp-json\/wp\/v2\/users\/1"}],"replies":[{"embeddable":true,"href":"https:\/\/www.restaurantcancarreras.com\/es\/wp-json\/wp\/v2\/comments?post=1225"}],"version-history":[{"count":4,"href":"https:\/\/www.restaurantcancarreras.com\/es\/wp-json\/wp\/v2\/pages\/1225\/revisions"}],"predecessor-version":[{"id":1238,"href":"https:\/\/www.restaurantcancarreras.com\/es\/wp-json\/wp\/v2\/pages\/1225\/revisions\/1238"}],"wp:attachment":[{"href":"https:\/\/www.restaurantcancarreras.com\/es\/wp-json\/wp\/v2\/media?parent=1225"}],"curies":[{"name":"wp","href":"https:\/\/api.w.org\/{rel}","templated":true}]}}